{"id":4352,"date":"2025-11-28T09:00:58","date_gmt":"2025-11-28T08:00:58","guid":{"rendered":"https:\/\/upstreamnet.at\/?page_id=4352"},"modified":"2025-11-28T09:20:45","modified_gmt":"2025-11-28T08:20:45","slug":"blog","status":"publish","type":"page","link":"https:\/\/upstreamnet.at\/en\/blog\/","title":{"rendered":"Blog"},"content":{"rendered":"<div data-elementor-type=\"wp-page\" data-elementor-id=\"4352\" class=\"elementor elementor-4352\" data-elementor-post-type=\"page\">\n\t\t\t\t<div class=\"elementor-element elementor-element-bac0c83 e-flex e-con-boxed e-con e-parent\" data-id=\"bac0c83\" data-element_type=\"container\" data-e-type=\"container\" data-settings=\"{&quot;background_background&quot;:&quot;classic&quot;}\">\n\t\t\t\t\t<div class=\"e-con-inner\">\n\t\t<div class=\"elementor-element elementor-element-911831f e-con-full e-flex e-con e-child\" data-id=\"911831f\" data-element_type=\"container\" data-e-type=\"container\">\n\t\t\t\t<div class=\"elementor-element elementor-element-8a7dc09 elementor-widget__width-initial elementor-widget elementor-widget-heading\" data-id=\"8a7dc09\" data-element_type=\"widget\" data-e-type=\"widget\" data-widget_type=\"heading.default\">\n\t\t\t\t<div class=\"elementor-widget-container\">\n\t\t\t\t\t<h1 class=\"elementor-heading-title elementor-size-default\">upstreamNet Blog<\/h1>\t\t\t\t<\/div>\n\t\t\t\t<\/div>\n\t\t\t\t<\/div>\n\t\t\t\t\t<\/div>\n\t\t\t\t<\/div>\n\t\t<div class=\"elementor-element elementor-element-bf2a078 e-con-full e-flex e-con e-parent\" data-id=\"bf2a078\" data-element_type=\"container\" data-e-type=\"container\">\n\t\t\t\t<div class=\"elementor-element elementor-element-b73995a elementor-widget elementor-widget-template\" data-id=\"b73995a\" data-element_type=\"widget\" data-e-type=\"widget\" data-widget_type=\"template.default\">\n\t\t\t\t<div class=\"elementor-widget-container\">\n\t\t\t\t\t\t\t<div class=\"elementor-template\">\n\t\t\t\t\t<div data-elementor-type=\"container\" data-elementor-id=\"3474\" class=\"elementor elementor-3474\" data-elementor-post-type=\"elementor_library\">\n\t\t\t\t<div class=\"elementor-element elementor-element-6b23950a e-flex e-con-boxed e-con e-parent\" data-id=\"6b23950a\" data-element_type=\"container\" data-e-type=\"container\" data-settings=\"{&quot;background_background&quot;:&quot;classic&quot;}\">\n\t\t\t\t\t<div class=\"e-con-inner\">\n\t\t\t\t<div class=\"elementor-element elementor-element-5a1a2933 elementor-widget__width-initial elementor-widget elementor-widget-heading\" data-id=\"5a1a2933\" data-element_type=\"widget\" data-e-type=\"widget\" data-widget_type=\"heading.default\">\n\t\t\t\t<div class=\"elementor-widget-container\">\n\t\t\t\t\t<h2 class=\"elementor-heading-title elementor-size-default\">upstreamNet achieves A rating at the<br>NIS2 Readiness Check<\/h2>\t\t\t\t<\/div>\n\t\t\t\t<\/div>\n\t\t\t\t<div class=\"elementor-element elementor-element-6ae7b033 elementor-widget__width-initial elementor-widget elementor-widget-text-editor\" data-id=\"6ae7b033\" data-element_type=\"widget\" data-e-type=\"widget\" data-widget_type=\"text-editor.default\">\n\t\t\t\t<div class=\"elementor-widget-container\">\n\t\t\t\t\t\t\t\t\t<p>upstreamNet offers security at the highest level and achieved an A rating in the NIS2 Readiness Check by the certifier condignum GmbH. This underlines our commitment to reliable protection and compliance.\u00a0<\/p>\t\t\t\t\t\t\t\t<\/div>\n\t\t\t\t<\/div>\n\t\t\t\t<div class=\"elementor-element elementor-element-31664c84 e-transform elementor-widget elementor-widget-button\" data-id=\"31664c84\" data-element_type=\"widget\" data-e-type=\"widget\" data-settings=\"{&quot;_transform_scale_effect_hover&quot;:{&quot;unit&quot;:&quot;px&quot;,&quot;size&quot;:1.02,&quot;sizes&quot;:[]},&quot;_transform_scale_effect_hover_tablet&quot;:{&quot;unit&quot;:&quot;px&quot;,&quot;size&quot;:&quot;&quot;,&quot;sizes&quot;:[]},&quot;_transform_scale_effect_hover_mobile&quot;:{&quot;unit&quot;:&quot;px&quot;,&quot;size&quot;:&quot;&quot;,&quot;sizes&quot;:[]}}\" data-widget_type=\"button.default\">\n\t\t\t\t<div class=\"elementor-widget-container\">\n\t\t\t\t\t\t\t\t\t<div class=\"elementor-button-wrapper\">\n\t\t\t\t\t<a class=\"elementor-button elementor-button-link elementor-size-sm\" href=\"https:\/\/upstreamnet.at\/wp-content\/uploads\/2025\/01\/NIS-2-Compliance-Report-upstreamNet-EN.pdf\" target=\"_blank\">\n\t\t\t\t\t\t<span class=\"elementor-button-content-wrapper\">\n\t\t\t\t\t\t\t\t\t<span class=\"elementor-button-text\">Download NIS2 report<\/span>\n\t\t\t\t\t<\/span>\n\t\t\t\t\t<\/a>\n\t\t\t\t<\/div>\n\t\t\t\t\t\t\t\t<\/div>\n\t\t\t\t<\/div>\n\t\t\t\t\t<\/div>\n\t\t\t\t<\/div>\n\t\t\t\t<\/div>\n\t\t\t\t<\/div>\n\t\t\t\t\t\t<\/div>\n\t\t\t\t<\/div>\n\t\t\t\t<\/div>\n\t\t<div class=\"elementor-element elementor-element-0c2c538 e-flex e-con-boxed e-con e-parent\" data-id=\"0c2c538\" data-element_type=\"container\" data-e-type=\"container\">\n\t\t\t\t\t<div class=\"e-con-inner\">\n\t\t\t\t<div class=\"elementor-element elementor-element-516b70f elementor-widget elementor-widget-heading\" data-id=\"516b70f\" data-element_type=\"widget\" data-e-type=\"widget\" data-widget_type=\"heading.default\">\n\t\t\t\t<div class=\"elementor-widget-container\">\n\t\t\t\t\t<h2 class=\"elementor-heading-title elementor-size-default\">Interesting facts from the world of the data center<\/h2>\t\t\t\t<\/div>\n\t\t\t\t<\/div>\n\t\t\t\t<div class=\"elementor-element elementor-element-ac7fa80 elementor-grid-3 elementor-grid-tablet-2 elementor-grid-mobile-1 elementor-posts--thumbnail-top elementor-card-shadow-yes elementor-posts__hover-gradient elementor-widget elementor-widget-posts\" data-id=\"ac7fa80\" data-element_type=\"widget\" data-e-type=\"widget\" data-settings=\"{&quot;cards_masonry&quot;:&quot;yes&quot;,&quot;cards_columns&quot;:&quot;3&quot;,&quot;cards_columns_tablet&quot;:&quot;2&quot;,&quot;cards_columns_mobile&quot;:&quot;1&quot;,&quot;cards_row_gap&quot;:{&quot;unit&quot;:&quot;px&quot;,&quot;size&quot;:35,&quot;sizes&quot;:[]},&quot;cards_row_gap_tablet&quot;:{&quot;unit&quot;:&quot;px&quot;,&quot;size&quot;:&quot;&quot;,&quot;sizes&quot;:[]},&quot;cards_row_gap_mobile&quot;:{&quot;unit&quot;:&quot;px&quot;,&quot;size&quot;:&quot;&quot;,&quot;sizes&quot;:[]}}\" data-widget_type=\"posts.cards\">\n\t\t\t\t<div class=\"elementor-widget-container\">\n\t\t\t\t\t\t\t<div class=\"elementor-posts-container elementor-posts elementor-posts--skin-cards elementor-grid\" role=\"list\">\n\t\t\t\t<article class=\"elementor-post elementor-grid-item post-4415 post type-post status-publish format-standard has-post-thumbnail hentry category-allgemein\" role=\"listitem\">\n\t\t\t<div class=\"elementor-post__card\">\n\t\t\t\t<a class=\"elementor-post__thumbnail__link\" href=\"https:\/\/upstreamnet.at\/en\/das-ist-ein-test\/\" tabindex=\"-1\" ><div class=\"elementor-post__thumbnail\"><img fetchpriority=\"high\" decoding=\"async\" width=\"300\" height=\"200\" src=\"https:\/\/upstreamnet.at\/wp-content\/uploads\/2025\/04\/RDC-1-300x200.jpg\" class=\"attachment-medium size-medium wp-image-4111\" alt=\"The RDC data center\" srcset=\"https:\/\/upstreamnet.at\/wp-content\/uploads\/2025\/04\/RDC-1-300x200.jpg 300w, https:\/\/upstreamnet.at\/wp-content\/uploads\/2025\/04\/RDC-1-1024x684.jpg 1024w, https:\/\/upstreamnet.at\/wp-content\/uploads\/2025\/04\/RDC-1-768x513.jpg 768w, https:\/\/upstreamnet.at\/wp-content\/uploads\/2025\/04\/RDC-1-1536x1025.jpg 1536w, https:\/\/upstreamnet.at\/wp-content\/uploads\/2025\/04\/RDC-1-2048x1367.jpg 2048w, https:\/\/upstreamnet.at\/wp-content\/uploads\/2025\/04\/RDC-1-18x12.jpg 18w\" sizes=\"(max-width: 300px) 100vw, 300px\" \/><\/div><\/a>\n\t\t\t\t<div class=\"elementor-post__text\">\n\t\t\t\t<h2 class=\"elementor-post__title\">\n\t\t\t<a href=\"https:\/\/upstreamnet.at\/en\/das-ist-ein-test\/\" >\n\t\t\t\tThis is a test\t\t\t<\/a>\n\t\t<\/h2>\n\t\t\t\t<div class=\"elementor-post__excerpt\">\n\t\t\t<p>In the article \u201eEurope's Internet on a tightrope\u201c, orf.at (November 20, 2025) shows how heavily Europe's Internet and data infrastructure is now dependent on a few US tech companies and why this is a cause for concern.<\/p>\n\t\t<\/div>\n\t\t\n\t\t<a class=\"elementor-post__read-more\" href=\"https:\/\/upstreamnet.at\/en\/das-ist-ein-test\/\" aria-label=\"Read more about Das ist ein Test\" tabindex=\"-1\" >\n\t\t\tread more \u00bb\t\t<\/a>\n\n\t\t\t\t<\/div>\n\t\t\t\t<div class=\"elementor-post__meta-data\">\n\t\t\t\t\t<span class=\"elementor-post-date\">\n\t\t\tDecember 3, 2025\t\t<\/span>\n\t\t\t\t<\/div>\n\t\t\t\t\t<\/div>\n\t\t<\/article>\n\t\t\t\t<article class=\"elementor-post elementor-grid-item post-4359 post type-post status-publish format-standard has-post-thumbnail hentry category-allgemein\" role=\"listitem\">\n\t\t\t<div class=\"elementor-post__card\">\n\t\t\t\t<a class=\"elementor-post__thumbnail__link\" href=\"https:\/\/upstreamnet.at\/en\/risiko-fur-die-souveranitat-von-europas-cloud\/\" tabindex=\"-1\" ><div class=\"elementor-post__thumbnail\"><img fetchpriority=\"high\" decoding=\"async\" width=\"300\" height=\"200\" src=\"https:\/\/upstreamnet.at\/wp-content\/uploads\/2025\/04\/RDC-1-300x200.jpg\" class=\"attachment-medium size-medium wp-image-4111\" alt=\"The RDC data center\" srcset=\"https:\/\/upstreamnet.at\/wp-content\/uploads\/2025\/04\/RDC-1-300x200.jpg 300w, https:\/\/upstreamnet.at\/wp-content\/uploads\/2025\/04\/RDC-1-1024x684.jpg 1024w, https:\/\/upstreamnet.at\/wp-content\/uploads\/2025\/04\/RDC-1-768x513.jpg 768w, https:\/\/upstreamnet.at\/wp-content\/uploads\/2025\/04\/RDC-1-1536x1025.jpg 1536w, https:\/\/upstreamnet.at\/wp-content\/uploads\/2025\/04\/RDC-1-2048x1367.jpg 2048w, https:\/\/upstreamnet.at\/wp-content\/uploads\/2025\/04\/RDC-1-18x12.jpg 18w\" sizes=\"(max-width: 300px) 100vw, 300px\" \/><\/div><\/a>\n\t\t\t\t<div class=\"elementor-post__text\">\n\t\t\t\t<h2 class=\"elementor-post__title\">\n\t\t\t<a href=\"https:\/\/upstreamnet.at\/en\/risiko-fur-die-souveranitat-von-europas-cloud\/\" >\n\t\t\t\tRisk to the sovereignty of Europe's cloud\t\t\t<\/a>\n\t\t<\/h2>\n\t\t\t\t<div class=\"elementor-post__excerpt\">\n\t\t\t<p>In the article \u201eEurope's Internet on a tightrope\u201c, orf.at (November 20, 2025) shows how heavily Europe's Internet and data infrastructure is now dependent on a few US tech companies and why this is a cause for concern.<\/p>\n\t\t<\/div>\n\t\t\n\t\t<a class=\"elementor-post__read-more\" href=\"https:\/\/upstreamnet.at\/en\/risiko-fur-die-souveranitat-von-europas-cloud\/\" aria-label=\"Read more about Risiko f\u00fcr die Souver\u00e4nit\u00e4t von Europas Cloud\" tabindex=\"-1\" >\n\t\t\tread more \u00bb\t\t<\/a>\n\n\t\t\t\t<\/div>\n\t\t\t\t<div class=\"elementor-post__meta-data\">\n\t\t\t\t\t<span class=\"elementor-post-date\">\n\t\t\tNovember 27, 2025\t\t<\/span>\n\t\t\t\t<\/div>\n\t\t\t\t\t<\/div>\n\t\t<\/article>\n\t\t\t\t<\/div>\n\t\t\n\t\t\t\t\t\t<\/div>\n\t\t\t\t<\/div>\n\t\t\t\t\t<\/div>\n\t\t\t\t<\/div>\n\t\t<div class=\"elementor-element elementor-element-dc5163e e-flex e-con-boxed e-con e-parent\" data-id=\"dc5163e\" data-element_type=\"container\" data-e-type=\"container\">\n\t\t\t\t\t<div class=\"e-con-inner\">\n\t\t\t\t<div class=\"elementor-element elementor-element-ce3001e elementor-widget elementor-widget-template\" data-id=\"ce3001e\" data-element_type=\"widget\" data-e-type=\"widget\" data-widget_type=\"template.default\">\n\t\t\t\t<div class=\"elementor-widget-container\">\n\t\t\t\t\t\t\t<div class=\"elementor-template\">\n\t\t\t\t\t<div data-elementor-type=\"container\" data-elementor-id=\"3471\" class=\"elementor elementor-3471\" data-elementor-post-type=\"elementor_library\">\n\t\t\t\t<div class=\"elementor-element elementor-element-64bc22fb e-flex e-con-boxed e-con e-parent\" data-id=\"64bc22fb\" data-element_type=\"container\" data-e-type=\"container\">\n\t\t\t\t\t<div class=\"e-con-inner\">\n\t\t<div class=\"elementor-element elementor-element-296a4d83 e-con-full e-flex e-con e-child\" data-id=\"296a4d83\" data-element_type=\"container\" data-e-type=\"container\" data-settings=\"{&quot;background_background&quot;:&quot;classic&quot;}\">\n\t\t\t\t<div class=\"elementor-element elementor-element-75e614c7 elementor-widget__width-inherit elementor-widget elementor-widget-heading\" data-id=\"75e614c7\" data-element_type=\"widget\" data-e-type=\"widget\" data-widget_type=\"heading.default\">\n\t\t\t\t<div class=\"elementor-widget-container\">\n\t\t\t\t\t<h2 class=\"elementor-heading-title elementor-size-default\">We are happy to take time for you and answer your questions in a face-to-face\nyour questions in a virtual meeting.<\/h2>\t\t\t\t<\/div>\n\t\t\t\t<\/div>\n\t\t\t\t<div class=\"elementor-element elementor-element-3c3da43b elementor-widget elementor-widget-text-editor\" data-id=\"3c3da43b\" data-element_type=\"widget\" data-e-type=\"widget\" data-widget_type=\"text-editor.default\">\n\t\t\t\t<div class=\"elementor-widget-container\">\n\t\t\t\t\t\t\t\t\t<p>The path to the data center seems complex, especially if your own requirements are not clearly defined and several contacts are involved. We provide you with professional and non-binding advice. We will help you where you need support and save you from pitfalls on the way to the data center.<\/p>\t\t\t\t\t\t\t\t<\/div>\n\t\t\t\t<\/div>\n\t\t\t\t<div class=\"elementor-element elementor-element-7d587555 elementor-align-center e-transform elementor-widget-mobile__width-initial elementor-widget elementor-widget-button\" data-id=\"7d587555\" data-element_type=\"widget\" data-e-type=\"widget\" data-settings=\"{&quot;_transform_scale_effect_hover&quot;:{&quot;unit&quot;:&quot;px&quot;,&quot;size&quot;:1.02,&quot;sizes&quot;:[]},&quot;_transform_scale_effect_hover_tablet&quot;:{&quot;unit&quot;:&quot;px&quot;,&quot;size&quot;:&quot;&quot;,&quot;sizes&quot;:[]},&quot;_transform_scale_effect_hover_mobile&quot;:{&quot;unit&quot;:&quot;px&quot;,&quot;size&quot;:&quot;&quot;,&quot;sizes&quot;:[]}}\" data-widget_type=\"button.default\">\n\t\t\t\t<div class=\"elementor-widget-container\">\n\t\t\t\t\t\t\t\t\t<div class=\"elementor-button-wrapper\">\n\t\t\t\t\t<a class=\"elementor-button elementor-button-link elementor-size-sm\" href=\"https:\/\/calendly.com\/widder-upstreamnet\/30min\" target=\"_blank\">\n\t\t\t\t\t\t<span class=\"elementor-button-content-wrapper\">\n\t\t\t\t\t\t\t\t\t<span class=\"elementor-button-text\">Book a free consultation <\/span>\n\t\t\t\t\t<\/span>\n\t\t\t\t\t<\/a>\n\t\t\t\t<\/div>\n\t\t\t\t\t\t\t\t<\/div>\n\t\t\t\t<\/div>\n\t\t\t\t<\/div>\n\t\t\t\t\t<\/div>\n\t\t\t\t<\/div>\n\t\t\t\t<\/div>\n\t\t\t\t<\/div>\n\t\t\t\t\t\t<\/div>\n\t\t\t\t<\/div>\n\t\t\t\t\t<\/div>\n\t\t\t\t<\/div>\n\t\t\t\t<\/div>","protected":false},"excerpt":{"rendered":"<p>upstreamNet Blog Interesting facts from the world of the data center<\/p>","protected":false},"author":2,"featured_media":0,"parent":0,"menu_order":0,"comment_status":"closed","ping_status":"closed","template":"elementor_theme","meta":{"footnotes":""},"class_list":["post-4352","page","type-page","status-publish","hentry"],"yoast_head":"<!-- This site is optimized with the Yoast SEO plugin v27.5 - https:\/\/yoast.com\/product\/yoast-seo-wordpress\/ -->\n<title>Blog - upstreamNet<\/title>\n<meta name=\"description\" content=\"Beste IP-Connectivity mit internationaler Anbindung und leistungsstarker Bandbreite mit optimaler Verf\u00fcgbarkeit durch redundante Systeme.\" \/>\n<meta name=\"robots\" content=\"index, follow, max-snippet:-1, max-image-preview:large, max-video-preview:-1\" \/>\n<link rel=\"canonical\" href=\"https:\/\/upstreamnet.at\/en\/blog\/\" \/>\n<meta property=\"og:locale\" content=\"en_US\" \/>\n<meta property=\"og:type\" content=\"article\" \/>\n<meta property=\"og:title\" content=\"Blog - upstreamNet\" \/>\n<meta property=\"og:description\" content=\"Beste IP-Connectivity mit internationaler Anbindung und leistungsstarker Bandbreite mit optimaler Verf\u00fcgbarkeit durch redundante Systeme.\" \/>\n<meta property=\"og:url\" content=\"https:\/\/upstreamnet.at\/en\/blog\/\" \/>\n<meta property=\"og:site_name\" content=\"upstreamNet\" \/>\n<meta property=\"article:modified_time\" content=\"2025-11-28T08:20:45+00:00\" \/>\n<meta name=\"twitter:card\" content=\"summary_large_image\" \/>\n<meta name=\"twitter:label1\" content=\"Est. reading time\" \/>\n\t<meta name=\"twitter:data1\" content=\"2 minutes\" \/>\n<script type=\"application\/ld+json\" class=\"yoast-schema-graph\">{\"@context\":\"https:\\\/\\\/schema.org\",\"@graph\":[{\"@type\":\"WebPage\",\"@id\":\"https:\\\/\\\/upstreamnet.at\\\/blog\\\/\",\"url\":\"https:\\\/\\\/upstreamnet.at\\\/blog\\\/\",\"name\":\"Blog - upstreamNet\",\"isPartOf\":{\"@id\":\"https:\\\/\\\/upstreamnet.at\\\/#website\"},\"datePublished\":\"2025-11-28T08:00:58+00:00\",\"dateModified\":\"2025-11-28T08:20:45+00:00\",\"description\":\"Beste IP-Connectivity mit internationaler Anbindung und leistungsstarker Bandbreite mit optimaler Verf\u00fcgbarkeit durch redundante Systeme.\",\"breadcrumb\":{\"@id\":\"https:\\\/\\\/upstreamnet.at\\\/blog\\\/#breadcrumb\"},\"inLanguage\":\"en-US\",\"potentialAction\":[{\"@type\":\"ReadAction\",\"target\":[\"https:\\\/\\\/upstreamnet.at\\\/blog\\\/\"]}]},{\"@type\":\"BreadcrumbList\",\"@id\":\"https:\\\/\\\/upstreamnet.at\\\/blog\\\/#breadcrumb\",\"itemListElement\":[{\"@type\":\"ListItem\",\"position\":1,\"name\":\"Home\",\"item\":\"https:\\\/\\\/upstreamnet.at\\\/\"},{\"@type\":\"ListItem\",\"position\":2,\"name\":\"Blog\"}]},{\"@type\":\"WebSite\",\"@id\":\"https:\\\/\\\/upstreamnet.at\\\/#website\",\"url\":\"https:\\\/\\\/upstreamnet.at\\\/\",\"name\":\"upstreamNet\",\"description\":\"colocation &amp; backbone connectivity\",\"publisher\":{\"@id\":\"https:\\\/\\\/upstreamnet.at\\\/#organization\"},\"potentialAction\":[{\"@type\":\"SearchAction\",\"target\":{\"@type\":\"EntryPoint\",\"urlTemplate\":\"https:\\\/\\\/upstreamnet.at\\\/?s={search_term_string}\"},\"query-input\":{\"@type\":\"PropertyValueSpecification\",\"valueRequired\":true,\"valueName\":\"search_term_string\"}}],\"inLanguage\":\"en-US\"},{\"@type\":\"Organization\",\"@id\":\"https:\\\/\\\/upstreamnet.at\\\/#organization\",\"name\":\"upstreamNet Communications GmbH\",\"url\":\"https:\\\/\\\/upstreamnet.at\\\/\",\"logo\":{\"@type\":\"ImageObject\",\"inLanguage\":\"en-US\",\"@id\":\"https:\\\/\\\/upstreamnet.at\\\/#\\\/schema\\\/logo\\\/image\\\/\",\"url\":\"https:\\\/\\\/upstreamnet.at\\\/wp-content\\\/uploads\\\/2024\\\/11\\\/IMG_7865.png\",\"contentUrl\":\"https:\\\/\\\/upstreamnet.at\\\/wp-content\\\/uploads\\\/2024\\\/11\\\/IMG_7865.png\",\"width\":309,\"height\":98,\"caption\":\"upstreamNet Communications GmbH\"},\"image\":{\"@id\":\"https:\\\/\\\/upstreamnet.at\\\/#\\\/schema\\\/logo\\\/image\\\/\"},\"sameAs\":[\"https:\\\/\\\/www.linkedin.com\\\/company\\\/5684891\"]}]}<\/script>\n<!-- \/ Yoast SEO plugin. -->","yoast_head_json":{"title":"Blog - upstreamNet","description":"The best IP connectivity with an international connection and high-performance bandwidth with optimum availability thanks to redundant systems.","robots":{"index":"index","follow":"follow","max-snippet":"max-snippet:-1","max-image-preview":"max-image-preview:large","max-video-preview":"max-video-preview:-1"},"canonical":"https:\/\/upstreamnet.at\/en\/blog\/","og_locale":"en_US","og_type":"article","og_title":"Blog - upstreamNet","og_description":"Beste IP-Connectivity mit internationaler Anbindung und leistungsstarker Bandbreite mit optimaler Verf\u00fcgbarkeit durch redundante Systeme.","og_url":"https:\/\/upstreamnet.at\/en\/blog\/","og_site_name":"upstreamNet","article_modified_time":"2025-11-28T08:20:45+00:00","twitter_card":"summary_large_image","twitter_misc":{"Est. reading time":"2 minutes"},"schema":{"@context":"https:\/\/schema.org","@graph":[{"@type":"WebPage","@id":"https:\/\/upstreamnet.at\/blog\/","url":"https:\/\/upstreamnet.at\/blog\/","name":"Blog - upstreamNet","isPartOf":{"@id":"https:\/\/upstreamnet.at\/#website"},"datePublished":"2025-11-28T08:00:58+00:00","dateModified":"2025-11-28T08:20:45+00:00","description":"The best IP connectivity with an international connection and high-performance bandwidth with optimum availability thanks to redundant systems.","breadcrumb":{"@id":"https:\/\/upstreamnet.at\/blog\/#breadcrumb"},"inLanguage":"en-US","potentialAction":[{"@type":"ReadAction","target":["https:\/\/upstreamnet.at\/blog\/"]}]},{"@type":"BreadcrumbList","@id":"https:\/\/upstreamnet.at\/blog\/#breadcrumb","itemListElement":[{"@type":"ListItem","position":1,"name":"Home","item":"https:\/\/upstreamnet.at\/"},{"@type":"ListItem","position":2,"name":"Blog"}]},{"@type":"WebSite","@id":"https:\/\/upstreamnet.at\/#website","url":"https:\/\/upstreamnet.at\/","name":"upstreamNet","description":"colocation &amp; backbone connectivity","publisher":{"@id":"https:\/\/upstreamnet.at\/#organization"},"potentialAction":[{"@type":"SearchAction","target":{"@type":"EntryPoint","urlTemplate":"https:\/\/upstreamnet.at\/?s={search_term_string}"},"query-input":{"@type":"PropertyValueSpecification","valueRequired":true,"valueName":"search_term_string"}}],"inLanguage":"en-US"},{"@type":"Organization","@id":"https:\/\/upstreamnet.at\/#organization","name":"upstreamNet Communications GmbH","url":"https:\/\/upstreamnet.at\/","logo":{"@type":"ImageObject","inLanguage":"en-US","@id":"https:\/\/upstreamnet.at\/#\/schema\/logo\/image\/","url":"https:\/\/upstreamnet.at\/wp-content\/uploads\/2024\/11\/IMG_7865.png","contentUrl":"https:\/\/upstreamnet.at\/wp-content\/uploads\/2024\/11\/IMG_7865.png","width":309,"height":98,"caption":"upstreamNet Communications GmbH"},"image":{"@id":"https:\/\/upstreamnet.at\/#\/schema\/logo\/image\/"},"sameAs":["https:\/\/www.linkedin.com\/company\/5684891"]}]}},"_links":{"self":[{"href":"https:\/\/upstreamnet.at\/en\/wp-json\/wp\/v2\/pages\/4352","targetHints":{"allow":["GET"]}}],"collection":[{"href":"https:\/\/upstreamnet.at\/en\/wp-json\/wp\/v2\/pages"}],"about":[{"href":"https:\/\/upstreamnet.at\/en\/wp-json\/wp\/v2\/types\/page"}],"author":[{"embeddable":true,"href":"https:\/\/upstreamnet.at\/en\/wp-json\/wp\/v2\/users\/2"}],"replies":[{"embeddable":true,"href":"https:\/\/upstreamnet.at\/en\/wp-json\/wp\/v2\/comments?post=4352"}],"version-history":[{"count":15,"href":"https:\/\/upstreamnet.at\/en\/wp-json\/wp\/v2\/pages\/4352\/revisions"}],"predecessor-version":[{"id":4398,"href":"https:\/\/upstreamnet.at\/en\/wp-json\/wp\/v2\/pages\/4352\/revisions\/4398"}],"wp:attachment":[{"href":"https:\/\/upstreamnet.at\/en\/wp-json\/wp\/v2\/media?parent=4352"}],"curies":[{"name":"wp","href":"https:\/\/api.w.org\/{rel}","templated":true}]}}