{"id":4421,"date":"2025-12-15T08:05:00","date_gmt":"2025-12-15T07:05:00","guid":{"rendered":"https:\/\/upstreamnet.at\/?page_id=4421"},"modified":"2025-12-18T10:25:35","modified_gmt":"2025-12-18T09:25:35","slug":"auftragnehmerkataster-osterreich","status":"publish","type":"page","link":"https:\/\/upstreamnet.at\/en\/auftragnehmerkataster-osterreich\/","title":{"rendered":"Contractor register Austria"},"content":{"rendered":"\t\t<div data-elementor-type=\"wp-page\" data-elementor-id=\"4421\" class=\"elementor elementor-4421\" data-elementor-post-type=\"page\">\n\t\t\t\t<div class=\"elementor-element elementor-element-f8ff002 e-flex e-con-boxed e-con e-parent\" data-id=\"f8ff002\" data-element_type=\"container\" data-e-type=\"container\">\n\t\t\t\t\t<div class=\"e-con-inner\">\n\t\t<div class=\"elementor-element elementor-element-0e2dc25 e-con-full e-flex e-con e-child\" data-id=\"0e2dc25\" data-element_type=\"container\" data-e-type=\"container\">\n\t\t\t\t<div class=\"elementor-element elementor-element-1a0cc6b elementor-widget elementor-widget-heading\" data-id=\"1a0cc6b\" data-element_type=\"widget\" data-e-type=\"widget\" data-widget_type=\"heading.default\">\n\t\t\t\t<div class=\"elementor-widget-container\">\n\t\t\t\t\t<h1 class=\"elementor-heading-title elementor-size-default\">upstreamNet ist registriertes Unternehmen bei der ANK\u00d6 LgU\u00ae<\/h1>\t\t\t\t<\/div>\n\t\t\t\t<\/div>\n\t\t\t\t<div class=\"elementor-element elementor-element-f32f8c4 elementor-widget elementor-widget-heading\" data-id=\"f32f8c4\" data-element_type=\"widget\" data-e-type=\"widget\" data-widget_type=\"heading.default\">\n\t\t\t\t<div class=\"elementor-widget-container\">\n\t\t\t\t\t<h2 class=\"elementor-heading-title elementor-size-default\">Profitieren Sie bei der Pr\u00fcfung von tagesaktuellen und rechtssicheren Daten.<\/h2>\t\t\t\t<\/div>\n\t\t\t\t<\/div>\n\t\t\t\t<\/div>\n\t\t<div class=\"elementor-element elementor-element-9a6c4d6 e-con-full e-flex e-con e-child\" data-id=\"9a6c4d6\" data-element_type=\"container\" data-e-type=\"container\">\n\t\t\t\t<div class=\"elementor-element elementor-element-2182c08 elementor-widget elementor-widget-image\" data-id=\"2182c08\" data-element_type=\"widget\" data-e-type=\"widget\" data-widget_type=\"image.default\">\n\t\t\t\t<div class=\"elementor-widget-container\">\n\t\t\t\t\t\t\t\t\t\t\t\t\t\t\t<img decoding=\"async\" width=\"340\" height=\"117\" src=\"https:\/\/upstreamnet.at\/wp-content\/uploads\/2025\/12\/ANKOe-Logo.png\" class=\"attachment-large size-large wp-image-4442\" alt=\"\" srcset=\"https:\/\/upstreamnet.at\/wp-content\/uploads\/2025\/12\/ANKOe-Logo.png 340w, https:\/\/upstreamnet.at\/wp-content\/uploads\/2025\/12\/ANKOe-Logo-300x103.png 300w, https:\/\/upstreamnet.at\/wp-content\/uploads\/2025\/12\/ANKOe-Logo-18x6.png 18w\" sizes=\"(max-width: 340px) 100vw, 340px\" \/>\t\t\t\t\t\t\t\t\t\t\t\t\t\t\t<\/div>\n\t\t\t\t<\/div>\n\t\t\t\t<\/div>\n\t\t\t\t\t<\/div>\n\t\t\t\t<\/div>\n\t\t<div class=\"elementor-element elementor-element-0bf7dc8 e-flex e-con-boxed e-con e-parent\" data-id=\"0bf7dc8\" data-element_type=\"container\" data-e-type=\"container\">\n\t\t\t\t\t<div class=\"e-con-inner\">\n\t\t\t\t<div class=\"elementor-element elementor-element-9dc87d5 elementor-widget elementor-widget-text-editor\" data-id=\"9dc87d5\" data-element_type=\"widget\" data-e-type=\"widget\" data-widget_type=\"text-editor.default\">\n\t\t\t\t<div class=\"elementor-widget-container\">\n\t\t\t\t\t\t\t\t\t<p>Als \u00f6sterreichisches Unternehmen mit langj\u00e4hriger Erfahrung im Bereich Datacenter und IP-Connectivity setzen wir auf h\u00f6chste Qualit\u00e4t, Sicherheit und Rechtssicherheit \u2013 auch bei Vergabeprozessen. Unsere ANK\u00d6-LgU\u00ae-Registrierung unterstreicht unser Engagement in punkto Transparenz und Zuverl\u00e4ssigkeit gegen\u00fcber \u00f6ffentlichen und privaten Auftraggeberinnen.<\/p><p>Nutzen Sie die Vorteile unserer sichtbaren Eignung in der ANK\u00d6-Datenbank, um Projekte effizienter umzusetzen oder als potenzielle AuftraggeberIn direkt mit uns in Kontakt zu treten.<\/p><p><strong>Hier geht\u2019s zur ANK\u00d6 LgU\u00ae Plattform: <a href=\"https:\/\/www.ankoe.at\/auftraggeber\/eignung-pruefen\/\" target=\"_blank\" rel=\"noopener\">https:\/\/www.ankoe.at\/auftraggeber\/eignung-pruefen\/<\/a><\/strong><\/p><p><strong><a href=\"https:\/\/upstreamnet.at\/wp-content\/uploads\/2025\/12\/Fuehrungsbestaetigung-2025-12-14.pdf\" target=\"_blank\" rel=\"noopener\">Hier geht\u2019s zu unserer F\u00fchrungsbest\u00e4tigung der ANK\u00d6 LgU\u00ae Plattform &gt;<\/a><\/strong><\/p>\t\t\t\t\t\t\t\t<\/div>\n\t\t\t\t<\/div>\n\t\t\t\t\t<\/div>\n\t\t\t\t<\/div>\n\t\t<div class=\"elementor-element elementor-element-43bb32d e-flex e-con-boxed e-con e-parent\" data-id=\"43bb32d\" data-element_type=\"container\" data-e-type=\"container\">\n\t\t\t\t\t<div class=\"e-con-inner\">\n\t\t\t\t<div class=\"elementor-element elementor-element-e961ba9 elementor-widget elementor-widget-template\" data-id=\"e961ba9\" data-element_type=\"widget\" data-e-type=\"widget\" data-widget_type=\"template.default\">\n\t\t\t\t<div class=\"elementor-widget-container\">\n\t\t\t\t\t\t\t<div class=\"elementor-template\">\n\t\t\t\t\t<div data-elementor-type=\"container\" data-elementor-id=\"3481\" class=\"elementor elementor-3481\" data-elementor-post-type=\"elementor_library\">\n\t\t\t\t<div class=\"elementor-element elementor-element-55e6a451 e-con-full e-flex e-con e-parent\" data-id=\"55e6a451\" data-element_type=\"container\" data-e-type=\"container\">\n\t\t<div class=\"elementor-element elementor-element-325757a1 e-con-full e-flex e-con e-child\" data-id=\"325757a1\" data-element_type=\"container\" data-e-type=\"container\">\n\t\t<div class=\"elementor-element elementor-element-76d26fe0 e-con-full e-flex e-con e-child\" data-id=\"76d26fe0\" data-element_type=\"container\" data-e-type=\"container\">\n\t\t\t\t<div class=\"elementor-element elementor-element-20bbd376 elementor-widget elementor-widget-heading\" data-id=\"20bbd376\" data-element_type=\"widget\" data-e-type=\"widget\" data-widget_type=\"heading.default\">\n\t\t\t\t<div class=\"elementor-widget-container\">\n\t\t\t\t\t<h4 class=\"elementor-heading-title elementor-size-default\">Kontaktieren Sie uns.<\/h4>\t\t\t\t<\/div>\n\t\t\t\t<\/div>\n\t\t\t\t<div class=\"elementor-element elementor-element-316a7189 elementor-widget elementor-widget-heading\" data-id=\"316a7189\" data-element_type=\"widget\" data-e-type=\"widget\" data-widget_type=\"heading.default\">\n\t\t\t\t<div class=\"elementor-widget-container\">\n\t\t\t\t\t<h6 class=\"elementor-heading-title elementor-size-default\">upstreamNet Communications GmbH<\/h6>\t\t\t\t<\/div>\n\t\t\t\t<\/div>\n\t\t\t\t<div class=\"elementor-element elementor-element-280d6e9e elementor-widget elementor-widget-text-editor\" data-id=\"280d6e9e\" data-element_type=\"widget\" data-e-type=\"widget\" data-widget_type=\"text-editor.default\">\n\t\t\t\t<div class=\"elementor-widget-container\">\n\t\t\t\t\t\t\t\t\t<p>Ruckergasse 30-32<br \/>1120 Wien<br \/>\u00d6sterreich<\/p>\t\t\t\t\t\t\t\t<\/div>\n\t\t\t\t<\/div>\n\t\t\t\t<div class=\"elementor-element elementor-element-6f2e88e5 elementor-icon-list--layout-traditional elementor-list-item-link-full_width elementor-widget elementor-widget-icon-list\" data-id=\"6f2e88e5\" data-element_type=\"widget\" data-e-type=\"widget\" data-widget_type=\"icon-list.default\">\n\t\t\t\t<div class=\"elementor-widget-container\">\n\t\t\t\t\t\t\t<ul class=\"elementor-icon-list-items\">\n\t\t\t\t\t\t\t<li class=\"elementor-icon-list-item\">\n\t\t\t\t\t\t\t\t\t\t\t<span class=\"elementor-icon-list-icon\">\n\t\t\t\t\t\t\t<svg aria-hidden=\"true\" class=\"e-font-icon-svg e-fas-phone\" viewBox=\"0 0 512 512\" xmlns=\"http:\/\/www.w3.org\/2000\/svg\"><path d=\"M493.4 24.6l-104-24c-11.3-2.6-22.9 3.3-27.5 13.9l-48 112c-4.2 9.8-1.4 21.3 6.9 28l60.6 49.6c-36 76.7-98.9 140.5-177.2 177.2l-49.6-60.6c-6.8-8.3-18.2-11.1-28-6.9l-112 48C3.9 366.5-2 378.1.6 389.4l24 104C27.1 504.2 36.7 512 48 512c256.1 0 464-207.5 464-464 0-11.2-7.7-20.9-18.6-23.4z\"><\/path><\/svg>\t\t\t\t\t\t<\/span>\n\t\t\t\t\t\t\t\t\t\t<span class=\"elementor-icon-list-text\">+43 5 01 8218-0<\/span>\n\t\t\t\t\t\t\t\t\t<\/li>\n\t\t\t\t\t\t\t\t<li class=\"elementor-icon-list-item\">\n\t\t\t\t\t\t\t\t\t\t\t<span class=\"elementor-icon-list-icon\">\n\t\t\t\t\t\t\t<svg aria-hidden=\"true\" class=\"e-font-icon-svg e-fas-fax\" viewBox=\"0 0 512 512\" xmlns=\"http:\/\/www.w3.org\/2000\/svg\"><path d=\"M480 160V77.25a32 32 0 0 0-9.38-22.63L425.37 9.37A32 32 0 0 0 402.75 0H160a32 32 0 0 0-32 32v448a32 32 0 0 0 32 32h320a32 32 0 0 0 32-32V192a32 32 0 0 0-32-32zM288 432a16 16 0 0 1-16 16h-32a16 16 0 0 1-16-16v-32a16 16 0 0 1 16-16h32a16 16 0 0 1 16 16zm0-128a16 16 0 0 1-16 16h-32a16 16 0 0 1-16-16v-32a16 16 0 0 1 16-16h32a16 16 0 0 1 16 16zm128 128a16 16 0 0 1-16 16h-32a16 16 0 0 1-16-16v-32a16 16 0 0 1 16-16h32a16 16 0 0 1 16 16zm0-128a16 16 0 0 1-16 16h-32a16 16 0 0 1-16-16v-32a16 16 0 0 1 16-16h32a16 16 0 0 1 16 16zm0-112H192V64h160v48a16 16 0 0 0 16 16h48zM64 128H32a32 32 0 0 0-32 32v320a32 32 0 0 0 32 32h32a32 32 0 0 0 32-32V160a32 32 0 0 0-32-32z\"><\/path><\/svg>\t\t\t\t\t\t<\/span>\n\t\t\t\t\t\t\t\t\t\t<span class=\"elementor-icon-list-text\">+43 5 01 8218-5225<\/span>\n\t\t\t\t\t\t\t\t\t<\/li>\n\t\t\t\t\t\t\t\t<li class=\"elementor-icon-list-item\">\n\t\t\t\t\t\t\t\t\t\t\t<span class=\"elementor-icon-list-icon\">\n\t\t\t\t\t\t\t<svg aria-hidden=\"true\" class=\"e-font-icon-svg e-fas-envelope\" viewBox=\"0 0 512 512\" xmlns=\"http:\/\/www.w3.org\/2000\/svg\"><path d=\"M502.3 190.8c3.9-3.1 9.7-.2 9.7 4.7V400c0 26.5-21.5 48-48 48H48c-26.5 0-48-21.5-48-48V195.6c0-5 5.7-7.8 9.7-4.7 22.4 17.4 52.1 39.5 154.1 113.6 21.1 15.4 56.7 47.8 92.2 47.6 35.7.3 72-32.8 92.3-47.6 102-74.1 131.6-96.3 154-113.7zM256 320c23.2.4 56.6-29.2 73.4-41.4 132.7-96.3 142.8-104.7 173.4-128.7 5.8-4.5 9.2-11.5 9.2-18.9v-19c0-26.5-21.5-48-48-48H48C21.5 64 0 85.5 0 112v19c0 7.4 3.4 14.3 9.2 18.9 30.6 23.9 40.7 32.4 173.4 128.7 16.8 12.2 50.2 41.8 73.4 41.4z\"><\/path><\/svg>\t\t\t\t\t\t<\/span>\n\t\t\t\t\t\t\t\t\t\t<span class=\"elementor-icon-list-text\">office@upstreamNet.at<\/span>\n\t\t\t\t\t\t\t\t\t<\/li>\n\t\t\t\t\t\t<\/ul>\n\t\t\t\t\t\t<\/div>\n\t\t\t\t<\/div>\n\t\t\t\t<\/div>\n\t\t<div class=\"elementor-element elementor-element-72ed802d e-con-full e-flex e-con e-child\" data-id=\"72ed802d\" data-element_type=\"container\" data-e-type=\"container\" data-settings=\"{&quot;background_background&quot;:&quot;classic&quot;}\">\n\t\t\t\t<div class=\"elementor-element elementor-element-35c672d9 elementor-button-align-start elementor-widget elementor-widget-form\" data-id=\"35c672d9\" data-element_type=\"widget\" data-e-type=\"widget\" data-settings=\"{&quot;step_next_label&quot;:&quot;Next&quot;,&quot;step_previous_label&quot;:&quot;Previous&quot;,&quot;button_width&quot;:&quot;100&quot;,&quot;step_type&quot;:&quot;number_text&quot;,&quot;step_icon_shape&quot;:&quot;circle&quot;}\" data-widget_type=\"form.default\">\n\t\t\t\t<div class=\"elementor-widget-container\">\n\t\t\t\t\t\t\t<form class=\"elementor-form\" method=\"post\" name=\"New Form\" aria-label=\"New Form\">\n\t\t\t<input type=\"hidden\" name=\"post_id\" value=\"3481\"\/>\n\t\t\t<input type=\"hidden\" name=\"form_id\" value=\"35c672d9\"\/>\n\t\t\t<input type=\"hidden\" name=\"referer_title\" value=\"Referenzen - upstreamNet\" \/>\n\n\t\t\t\t\t\t\t<input type=\"hidden\" name=\"queried_id\" value=\"3641\"\/>\n\t\t\t\n\t\t\t<div class=\"elementor-form-fields-wrapper elementor-labels-\">\n\t\t\t\t\t\t\t\t<div class=\"elementor-field-type-text elementor-field-group elementor-column elementor-field-group-name elementor-col-100\">\n\t\t\t\t\t\t\t\t\t\t\t\t<label for=\"form-field-name\" class=\"elementor-field-label elementor-screen-only\">\n\t\t\t\t\t\t\t\tName\t\t\t\t\t\t\t<\/label>\n\t\t\t\t\t\t\t\t\t\t\t\t\t\t<input size=\"1\" type=\"text\" name=\"form_fields[name]\" id=\"form-field-name\" class=\"elementor-field elementor-size-sm  elementor-field-textual\" placeholder=\"Name\">\n\t\t\t\t\t\t\t\t\t\t\t<\/div>\n\t\t\t\t\t\t\t\t<div class=\"elementor-field-type-email elementor-field-group elementor-column elementor-field-group-email elementor-col-100 elementor-field-required\">\n\t\t\t\t\t\t\t\t\t\t\t\t<label for=\"form-field-email\" class=\"elementor-field-label elementor-screen-only\">\n\t\t\t\t\t\t\t\tEmail\t\t\t\t\t\t\t<\/label>\n\t\t\t\t\t\t\t\t\t\t\t\t\t\t<input size=\"1\" type=\"email\" name=\"form_fields[email]\" id=\"form-field-email\" class=\"elementor-field elementor-size-sm  elementor-field-textual\" placeholder=\"Email\" required=\"required\">\n\t\t\t\t\t\t\t\t\t\t\t<\/div>\n\t\t\t\t\t\t\t\t<div class=\"elementor-field-type-textarea elementor-field-group elementor-column elementor-field-group-message elementor-col-100\">\n\t\t\t\t\t\t\t\t\t\t\t\t<label for=\"form-field-message\" class=\"elementor-field-label elementor-screen-only\">\n\t\t\t\t\t\t\t\tNachricht \t\t\t\t\t\t\t<\/label>\n\t\t\t\t\t\t<textarea class=\"elementor-field-textual elementor-field  elementor-size-sm\" name=\"form_fields[message]\" id=\"form-field-message\" rows=\"4\" placeholder=\"Message\"><\/textarea>\t\t\t\t<\/div>\n\t\t\t\t\t\t\t\t<div class=\"elementor-field-type-hcaptcha elementor-field-group elementor-column elementor-field-group-field_3f334d3 elementor-col-100\">\n\t\t\t\t\t\t\t\t\t<\/div>\n\t\t\t\t\t\t\t\t<div class=\"elementor-field-group elementor-column elementor-field-type-submit elementor-col-100 e-form__buttons\">\n\t\t\t\t\t<button class=\"elementor-button elementor-size-sm elementor-animation-grow\" type=\"submit\">\n\t\t\t\t\t\t<span class=\"elementor-button-content-wrapper\">\n\t\t\t\t\t\t\t\t\t\t\t\t\t\t\t\t\t\t\t\t\t\t<span class=\"elementor-button-text\">Nachricht abschicken <\/span>\n\t\t\t\t\t\t\t\t\t\t\t\t\t<\/span>\n\t\t\t\t\t<\/button>\n\t\t\t\t<\/div>\n\t\t\t<\/div>\n\t\t<\/form>\n\t\t\t\t\t\t<\/div>\n\t\t\t\t<\/div>\n\t\t\t\t<\/div>\n\t\t\t\t<\/div>\n\t\t\t\t<\/div>\n\t\t\t\t<\/div>\n\t\t\t\t<\/div>\n\t\t\t\t\t\t<\/div>\n\t\t\t\t<\/div>\n\t\t\t\t\t<\/div>\n\t\t\t\t<\/div>\n\t\t\t\t<\/div>\n\t\t","protected":false},"excerpt":{"rendered":"<p>upstreamNet ist registriertes Unternehmen bei der ANK\u00d6 LgU\u00ae Profitieren Sie bei der Pr\u00fcfung von tagesaktuellen und rechtssicheren Daten. Als \u00f6sterreichisches Unternehmen mit langj\u00e4hriger Erfahrung im Bereich Datacenter und IP-Connectivity setzen wir auf h\u00f6chste Qualit\u00e4t, Sicherheit und Rechtssicherheit \u2013 auch bei Vergabeprozessen. Unsere ANK\u00d6-LgU\u00ae-Registrierung unterstreicht unser Engagement in punkto Transparenz und Zuverl\u00e4ssigkeit gegen\u00fcber \u00f6ffentlichen und privaten [&hellip;]<\/p>\n","protected":false},"author":2,"featured_media":0,"parent":0,"menu_order":12,"comment_status":"closed","ping_status":"closed","template":"elementor_theme","meta":{"footnotes":""},"class_list":["post-4421","page","type-page","status-publish","hentry"],"yoast_head":"<!-- This site is optimized with the Yoast SEO plugin v27.5 - https:\/\/yoast.com\/product\/yoast-seo-wordpress\/ -->\n<title>Auftragnehmerkataster \u00d6sterreich - upstreamNet<\/title>\n<meta name=\"description\" content=\"upstreamNet Communications unterwirft sich seit 2019 dem ISPA Code of Conduct. Dieser bietet Unterst\u00fctzung bei der Anwendung der DSGVO.\" \/>\n<meta name=\"robots\" content=\"index, follow, max-snippet:-1, max-image-preview:large, max-video-preview:-1\" \/>\n<link rel=\"canonical\" href=\"https:\/\/upstreamnet.at\/en\/auftragnehmerkataster-osterreich\/\" \/>\n<meta property=\"og:locale\" content=\"en_US\" \/>\n<meta property=\"og:type\" content=\"article\" \/>\n<meta property=\"og:title\" content=\"Auftragnehmerkataster \u00d6sterreich - upstreamNet\" \/>\n<meta property=\"og:description\" content=\"upstreamNet Communications unterwirft sich seit 2019 dem ISPA Code of Conduct. Dieser bietet Unterst\u00fctzung bei der Anwendung der DSGVO.\" \/>\n<meta property=\"og:url\" content=\"https:\/\/upstreamnet.at\/en\/auftragnehmerkataster-osterreich\/\" \/>\n<meta property=\"og:site_name\" content=\"upstreamNet\" \/>\n<meta property=\"article:modified_time\" content=\"2025-12-18T09:25:35+00:00\" \/>\n<meta property=\"og:image\" content=\"https:\/\/upstreamnet.at\/wp-content\/uploads\/2025\/12\/ANKOe-Logo.png\" \/>\n\t<meta property=\"og:image:width\" content=\"340\" \/>\n\t<meta property=\"og:image:height\" content=\"117\" \/>\n\t<meta property=\"og:image:type\" content=\"image\/png\" \/>\n<meta name=\"twitter:card\" content=\"summary_large_image\" \/>\n<meta name=\"twitter:label1\" content=\"Est. reading time\" \/>\n\t<meta name=\"twitter:data1\" content=\"2 minutes\" \/>\n<script type=\"application\/ld+json\" class=\"yoast-schema-graph\">{\"@context\":\"https:\\\/\\\/schema.org\",\"@graph\":[{\"@type\":\"WebPage\",\"@id\":\"https:\\\/\\\/upstreamnet.at\\\/auftragnehmerkataster-osterreich\\\/\",\"url\":\"https:\\\/\\\/upstreamnet.at\\\/auftragnehmerkataster-osterreich\\\/\",\"name\":\"Auftragnehmerkataster \u00d6sterreich - upstreamNet\",\"isPartOf\":{\"@id\":\"https:\\\/\\\/upstreamnet.at\\\/#website\"},\"primaryImageOfPage\":{\"@id\":\"https:\\\/\\\/upstreamnet.at\\\/auftragnehmerkataster-osterreich\\\/#primaryimage\"},\"image\":{\"@id\":\"https:\\\/\\\/upstreamnet.at\\\/auftragnehmerkataster-osterreich\\\/#primaryimage\"},\"thumbnailUrl\":\"https:\\\/\\\/upstreamnet.at\\\/wp-content\\\/uploads\\\/2025\\\/12\\\/ANKOe-Logo.png\",\"datePublished\":\"2025-12-15T07:05:00+00:00\",\"dateModified\":\"2025-12-18T09:25:35+00:00\",\"description\":\"upstreamNet Communications unterwirft sich seit 2019 dem ISPA Code of Conduct. Dieser bietet Unterst\u00fctzung bei der Anwendung der DSGVO.\",\"breadcrumb\":{\"@id\":\"https:\\\/\\\/upstreamnet.at\\\/auftragnehmerkataster-osterreich\\\/#breadcrumb\"},\"inLanguage\":\"en-US\",\"potentialAction\":[{\"@type\":\"ReadAction\",\"target\":[\"https:\\\/\\\/upstreamnet.at\\\/auftragnehmerkataster-osterreich\\\/\"]}]},{\"@type\":\"ImageObject\",\"inLanguage\":\"en-US\",\"@id\":\"https:\\\/\\\/upstreamnet.at\\\/auftragnehmerkataster-osterreich\\\/#primaryimage\",\"url\":\"https:\\\/\\\/upstreamnet.at\\\/wp-content\\\/uploads\\\/2025\\\/12\\\/ANKOe-Logo.png\",\"contentUrl\":\"https:\\\/\\\/upstreamnet.at\\\/wp-content\\\/uploads\\\/2025\\\/12\\\/ANKOe-Logo.png\"},{\"@type\":\"BreadcrumbList\",\"@id\":\"https:\\\/\\\/upstreamnet.at\\\/auftragnehmerkataster-osterreich\\\/#breadcrumb\",\"itemListElement\":[{\"@type\":\"ListItem\",\"position\":1,\"name\":\"Home\",\"item\":\"https:\\\/\\\/upstreamnet.at\\\/\"},{\"@type\":\"ListItem\",\"position\":2,\"name\":\"Auftragnehmerkataster \u00d6sterreich\"}]},{\"@type\":\"WebSite\",\"@id\":\"https:\\\/\\\/upstreamnet.at\\\/#website\",\"url\":\"https:\\\/\\\/upstreamnet.at\\\/\",\"name\":\"upstreamNet\",\"description\":\"colocation &amp; backbone connectivity\",\"publisher\":{\"@id\":\"https:\\\/\\\/upstreamnet.at\\\/#organization\"},\"potentialAction\":[{\"@type\":\"SearchAction\",\"target\":{\"@type\":\"EntryPoint\",\"urlTemplate\":\"https:\\\/\\\/upstreamnet.at\\\/?s={search_term_string}\"},\"query-input\":{\"@type\":\"PropertyValueSpecification\",\"valueRequired\":true,\"valueName\":\"search_term_string\"}}],\"inLanguage\":\"en-US\"},{\"@type\":\"Organization\",\"@id\":\"https:\\\/\\\/upstreamnet.at\\\/#organization\",\"name\":\"upstreamNet Communications GmbH\",\"url\":\"https:\\\/\\\/upstreamnet.at\\\/\",\"logo\":{\"@type\":\"ImageObject\",\"inLanguage\":\"en-US\",\"@id\":\"https:\\\/\\\/upstreamnet.at\\\/#\\\/schema\\\/logo\\\/image\\\/\",\"url\":\"https:\\\/\\\/upstreamnet.at\\\/wp-content\\\/uploads\\\/2024\\\/11\\\/IMG_7865.png\",\"contentUrl\":\"https:\\\/\\\/upstreamnet.at\\\/wp-content\\\/uploads\\\/2024\\\/11\\\/IMG_7865.png\",\"width\":309,\"height\":98,\"caption\":\"upstreamNet Communications GmbH\"},\"image\":{\"@id\":\"https:\\\/\\\/upstreamnet.at\\\/#\\\/schema\\\/logo\\\/image\\\/\"},\"sameAs\":[\"https:\\\/\\\/www.linkedin.com\\\/company\\\/5684891\"]}]}<\/script>\n<!-- \/ Yoast SEO plugin. -->","yoast_head_json":{"title":"Contractor register Austria - upstreamNet","description":"upstreamNet Communications has been subject to the ISPA Code of Conduct since 2019. This offers support in the application of the GDPR.","robots":{"index":"index","follow":"follow","max-snippet":"max-snippet:-1","max-image-preview":"max-image-preview:large","max-video-preview":"max-video-preview:-1"},"canonical":"https:\/\/upstreamnet.at\/en\/auftragnehmerkataster-osterreich\/","og_locale":"en_US","og_type":"article","og_title":"Auftragnehmerkataster \u00d6sterreich - upstreamNet","og_description":"upstreamNet Communications unterwirft sich seit 2019 dem ISPA Code of Conduct. Dieser bietet Unterst\u00fctzung bei der Anwendung der DSGVO.","og_url":"https:\/\/upstreamnet.at\/en\/auftragnehmerkataster-osterreich\/","og_site_name":"upstreamNet","article_modified_time":"2025-12-18T09:25:35+00:00","og_image":[{"width":340,"height":117,"url":"https:\/\/upstreamnet.at\/wp-content\/uploads\/2025\/12\/ANKOe-Logo.png","type":"image\/png"}],"twitter_card":"summary_large_image","twitter_misc":{"Est. reading time":"2 minutes"},"schema":{"@context":"https:\/\/schema.org","@graph":[{"@type":"WebPage","@id":"https:\/\/upstreamnet.at\/auftragnehmerkataster-osterreich\/","url":"https:\/\/upstreamnet.at\/auftragnehmerkataster-osterreich\/","name":"Contractor register Austria - upstreamNet","isPartOf":{"@id":"https:\/\/upstreamnet.at\/#website"},"primaryImageOfPage":{"@id":"https:\/\/upstreamnet.at\/auftragnehmerkataster-osterreich\/#primaryimage"},"image":{"@id":"https:\/\/upstreamnet.at\/auftragnehmerkataster-osterreich\/#primaryimage"},"thumbnailUrl":"https:\/\/upstreamnet.at\/wp-content\/uploads\/2025\/12\/ANKOe-Logo.png","datePublished":"2025-12-15T07:05:00+00:00","dateModified":"2025-12-18T09:25:35+00:00","description":"upstreamNet Communications has been subject to the ISPA Code of Conduct since 2019. This offers support in the application of the GDPR.","breadcrumb":{"@id":"https:\/\/upstreamnet.at\/auftragnehmerkataster-osterreich\/#breadcrumb"},"inLanguage":"en-US","potentialAction":[{"@type":"ReadAction","target":["https:\/\/upstreamnet.at\/auftragnehmerkataster-osterreich\/"]}]},{"@type":"ImageObject","inLanguage":"en-US","@id":"https:\/\/upstreamnet.at\/auftragnehmerkataster-osterreich\/#primaryimage","url":"https:\/\/upstreamnet.at\/wp-content\/uploads\/2025\/12\/ANKOe-Logo.png","contentUrl":"https:\/\/upstreamnet.at\/wp-content\/uploads\/2025\/12\/ANKOe-Logo.png"},{"@type":"BreadcrumbList","@id":"https:\/\/upstreamnet.at\/auftragnehmerkataster-osterreich\/#breadcrumb","itemListElement":[{"@type":"ListItem","position":1,"name":"Home","item":"https:\/\/upstreamnet.at\/"},{"@type":"ListItem","position":2,"name":"Auftragnehmerkataster \u00d6sterreich"}]},{"@type":"WebSite","@id":"https:\/\/upstreamnet.at\/#website","url":"https:\/\/upstreamnet.at\/","name":"upstreamNet","description":"colocation &amp; backbone connectivity","publisher":{"@id":"https:\/\/upstreamnet.at\/#organization"},"potentialAction":[{"@type":"SearchAction","target":{"@type":"EntryPoint","urlTemplate":"https:\/\/upstreamnet.at\/?s={search_term_string}"},"query-input":{"@type":"PropertyValueSpecification","valueRequired":true,"valueName":"search_term_string"}}],"inLanguage":"en-US"},{"@type":"Organization","@id":"https:\/\/upstreamnet.at\/#organization","name":"upstreamNet Communications GmbH","url":"https:\/\/upstreamnet.at\/","logo":{"@type":"ImageObject","inLanguage":"en-US","@id":"https:\/\/upstreamnet.at\/#\/schema\/logo\/image\/","url":"https:\/\/upstreamnet.at\/wp-content\/uploads\/2024\/11\/IMG_7865.png","contentUrl":"https:\/\/upstreamnet.at\/wp-content\/uploads\/2024\/11\/IMG_7865.png","width":309,"height":98,"caption":"upstreamNet Communications GmbH"},"image":{"@id":"https:\/\/upstreamnet.at\/#\/schema\/logo\/image\/"},"sameAs":["https:\/\/www.linkedin.com\/company\/5684891"]}]}},"_links":{"self":[{"href":"https:\/\/upstreamnet.at\/en\/wp-json\/wp\/v2\/pages\/4421","targetHints":{"allow":["GET"]}}],"collection":[{"href":"https:\/\/upstreamnet.at\/en\/wp-json\/wp\/v2\/pages"}],"about":[{"href":"https:\/\/upstreamnet.at\/en\/wp-json\/wp\/v2\/types\/page"}],"author":[{"embeddable":true,"href":"https:\/\/upstreamnet.at\/en\/wp-json\/wp\/v2\/users\/2"}],"replies":[{"embeddable":true,"href":"https:\/\/upstreamnet.at\/en\/wp-json\/wp\/v2\/comments?post=4421"}],"version-history":[{"count":13,"href":"https:\/\/upstreamnet.at\/en\/wp-json\/wp\/v2\/pages\/4421\/revisions"}],"predecessor-version":[{"id":4448,"href":"https:\/\/upstreamnet.at\/en\/wp-json\/wp\/v2\/pages\/4421\/revisions\/4448"}],"wp:attachment":[{"href":"https:\/\/upstreamnet.at\/en\/wp-json\/wp\/v2\/media?parent=4421"}],"curies":[{"name":"wp","href":"https:\/\/api.w.org\/{rel}","templated":true}]}}